{"id":218,"date":"2023-02-02T11:18:19","date_gmt":"2023-02-02T10:18:19","guid":{"rendered":"https:\/\/mmlogistics.cmsp.se\/kontakt\/"},"modified":"2023-10-17T08:59:48","modified_gmt":"2023-10-17T06:59:48","slug":"contact","status":"publish","type":"page","link":"https:\/\/mm-logistics.se\/en\/contact\/","title":{"rendered":"Contact"},"content":{"rendered":"<div class=\"wpb-content-wrapper\"><p>[vc_section el_id=&#8221;kontakt-page&#8221;][vc_row][vc_column][vc_empty_space height=&#8221;150px&#8221; el_class=&#8221;empty-75&#8243;][\/vc_column][\/vc_row][vc_row][vc_column width=&#8221;2\/3&#8243;][vc_column_text]<\/p>\n<h1>Contact<\/h1>\n<h2>Sweden MM Logistics AB<\/h2>\n<p>[\/vc_column_text][vc_row_inner][vc_column_inner el_class=&#8221;nopadding&#8221; width=&#8221;1\/3&#8243;][vc_column_text]<\/p>\n<h3>Telephone<\/h3>\n<p><a href=\"tel:033412600\">+46 33-412 600<\/a>[\/vc_column_text][\/vc_column_inner][vc_column_inner width=&#8221;1\/3&#8243;][vc_column_text]<\/p>\n<h3>E-mail<\/h3>\n<p><a href=\"mailto:info@mm-logistics.se\">info@mm-logistics.se<\/a>[\/vc_column_text][\/vc_column_inner][vc_column_inner width=&#8221;1\/3&#8243;][vc_column_text]<\/p>\n<h3>Address<\/h3>\n<p>V\u00e4vlagargatan 15 A<br \/>\n507 30 BR\u00c4MHULT<\/p>\n<p>[\/vc_column_text][\/vc_column_inner][\/vc_row_inner][vc_separator][vc_column_text]<\/p>\n<h2>Staff<\/h2>\n<p>[\/vc_column_text][vc_row_inner el_id=&#8221;personal&#8221;][vc_column_inner el_class=&#8221;nopadding&#8221; width=&#8221;1\/3&#8243;][vc_column_text]<strong>Marko M\u00e4\u00e4tt\u00e4<\/strong><br \/>\nTransport planning &amp; invoicing<\/p>\n<p><a href=\"tel:0709197955\">+46 709-19 79 55<\/a><br \/>\n<a href=\"mailto:marko@mm-logistics.se\">Marko@mm-logistics.se<\/a>[\/vc_column_text][\/vc_column_inner][vc_column_inner width=&#8221;1\/3&#8243;][vc_column_text]<strong>Heli Laukkanen<\/strong><br \/>\nTransport planning<\/p>\n<p><a href=\"tel:0734136656\">+46 734-13 66 56<\/a><br \/>\n<a href=\"mailto:heli@mm-logistics.se\">Heli@mm-logistics.se<\/a>[\/vc_column_text][\/vc_column_inner][vc_column_inner width=&#8221;1\/3&#8243;][vc_column_text]<strong>Mia M\u00e4\u00e4tt\u00e4<\/strong><br \/>\nAdministration<\/p>\n<p><a href=\"tel:0734136655\">+46 734-13 66 55<\/a><br \/>\n<a href=\"mailto:mia@mm-logistics.se\">Mia@mm-logistics.se<\/a>[\/vc_column_text][\/vc_column_inner][\/vc_row_inner][\/vc_column][vc_column width=&#8221;1\/3&#8243;][vc_gmaps link=&#8221;#E-8_JTNDaWZyYW1lJTIwc3JjJTNEJTIyaHR0cHMlM0ElMkYlMkZ3d3cuZ29vZ2xlLmNvbSUyRm1hcHMlMkZlbWJlZCUzRnBiJTNEJTIxMW0xOCUyMTFtMTIlMjExbTMlMjExZDE0NjEwLjQ1NjM1OTQxNzA0MyUyMTJkMTMuMDAyNzA2NDI0MjA0OTA2JTIxM2Q1Ny43MjU5NjE5Njg2MDQwOSUyMTJtMyUyMTFmMCUyMTJmMCUyMTNmMCUyMTNtMiUyMTFpMTAyNCUyMTJpNzY4JTIxNGYxMy4xJTIxM20zJTIxMW0yJTIxMXMweDQ2NWFhMDYxMDE4YjM4ZWIlMjUzQTB4NjgwNWRhYTY4MTRiMjU0YSUyMTJzViUyNUMzJTI1QTR2bGFnYXJnYXRhbiUyNTIwMTVBJTI1MkMlMjUyMDUwNyUyNTIwMzAlMjUyMEJyJTI1QzMlMjVBNG1odWx0JTI1MkMlMjUyMFN2ZXJpZ2UlMjE1ZTAlMjEzbTIlMjExc3N2JTIxMnN1cyUyMTR2MTY5NzAxMDI1MDA1NyUyMTVtMiUyMTFzc3YlMjEyc3VzJTIyJTIwd2lkdGglM0QlMjI2MDAlMjIlMjBoZWlnaHQlM0QlMjI0NTAlMjIlMjBzdHlsZSUzRCUyMmJvcmRlciUzQTAlM0IlMjIlMjBhbGxvd2Z1bGxzY3JlZW4lM0QlMjIlMjIlMjBsb2FkaW5nJTNEJTIybGF6eSUyMiUyMHJlZmVycmVycG9saWN5JTNEJTIybm8tcmVmZXJyZXItd2hlbi1kb3duZ3JhZGUlMjIlM0UlM0MlMkZpZnJhbWUlM0U=&#8221;][\/vc_column][\/vc_row][vc_row][vc_column][vc_empty_space height=&#8221;75px&#8221; el_class=&#8221;empty-75&#8243;][\/vc_column][\/vc_row][\/vc_section]<\/p>\n<\/div>","protected":false},"excerpt":{"rendered":"<p>[vc_section el_id=&#8221;kontakt-page&#8221;][vc_row][vc_column][vc_empty_space height=&#8221;150px&#8221; el_class=&#8221;empty-75&#8243;][\/vc_column][\/vc_row][vc_row][vc_column width=&#8221;2\/3&#8243;][vc_column_text] Contact Sweden MM Logistics AB [\/vc_column_text][vc_row_inner][vc_column_inner el_class=&#8221;nopadding&#8221; width=&#8221;1\/3&#8243;][vc_column_text] Telephone +46 33-412 600[\/vc_column_text][\/vc_column_inner][vc_column_inner width=&#8221;1\/3&#8243;][vc_column_text] E-mail info@mm-logistics.se[\/vc_column_text][\/vc_column_inner][vc_column_inner width=&#8221;1\/3&#8243;][vc_column_text] Address V\u00e4vlagargatan 15 A 507 30 BR\u00c4MHULT [\/vc_column_text][\/vc_column_inner][\/vc_row_inner][vc_separator][vc_column_text] Staff [\/vc_column_text][vc_row_inner el_id=&#8221;personal&#8221;][vc_column_inner el_class=&#8221;nopadding&#8221; width=&#8221;1\/3&#8243;][vc_column_text]Marko M\u00e4\u00e4tt\u00e4 Transport planning &amp; invoicing +46 709-19 79 55 Marko@mm-logistics.se[\/vc_column_text][\/vc_column_inner][vc_column_inner width=&#8221;1\/3&#8243;][vc_column_text]Heli Laukkanen Transport planning +46 734-13 66 56 Heli@mm-logistics.se[\/vc_column_text][\/vc_column_inner][vc_column_inner width=&#8221;1\/3&#8243;][vc_column_text]Mia M\u00e4\u00e4tt\u00e4 [&hellip;]<\/p>\n","protected":false},"author":2657,"featured_media":0,"parent":0,"menu_order":100,"comment_status":"closed","ping_status":"closed","template":"","meta":{"footnotes":""},"class_list":["post-218","page","type-page","status-publish","hentry"],"_links":{"self":[{"href":"https:\/\/mm-logistics.se\/en\/wp-json\/wp\/v2\/pages\/218","targetHints":{"allow":["GET"]}}],"collection":[{"href":"https:\/\/mm-logistics.se\/en\/wp-json\/wp\/v2\/pages"}],"about":[{"href":"https:\/\/mm-logistics.se\/en\/wp-json\/wp\/v2\/types\/page"}],"author":[{"embeddable":true,"href":"https:\/\/mm-logistics.se\/en\/wp-json\/wp\/v2\/users\/2657"}],"replies":[{"embeddable":true,"href":"https:\/\/mm-logistics.se\/en\/wp-json\/wp\/v2\/comments?post=218"}],"version-history":[{"count":8,"href":"https:\/\/mm-logistics.se\/en\/wp-json\/wp\/v2\/pages\/218\/revisions"}],"predecessor-version":[{"id":315,"href":"https:\/\/mm-logistics.se\/en\/wp-json\/wp\/v2\/pages\/218\/revisions\/315"}],"wp:attachment":[{"href":"https:\/\/mm-logistics.se\/en\/wp-json\/wp\/v2\/media?parent=218"}],"curies":[{"name":"wp","href":"https:\/\/api.w.org\/{rel}","templated":true}]}}