{"id":229,"date":"2022-08-10T19:07:54","date_gmt":"2022-08-10T17:07:54","guid":{"rendered":"https:\/\/mmlogistics.cmsp.se\/hem\/"},"modified":"2023-10-17T08:06:17","modified_gmt":"2023-10-17T06:06:17","slug":"hem","status":"publish","type":"page","link":"https:\/\/mm-logistics.se\/fi\/","title":{"rendered":"P\u00e4\u00e4sivu"},"content":{"rendered":"<div class=\"wpb-content-wrapper\"><p>[vc_section el_id=&#8221;start&#8221;][vc_row content_placement=&#8221;middle&#8221; el_class=&#8221;reverse&#8221;][vc_column width=&#8221;2\/5&#8243; el_id=&#8221;start-text&#8221;][vc_column_text]<\/p>\n<h1>MM Logistics<\/h1>\n<h2><strong><em>Koolla ei ole v\u00e4li\u00e4 \u2013 meille kaikki asiakkaat ovat yht\u00e4 t\u00e4rke\u00e4t!<br \/>\n<\/em><\/strong><\/h2>\n<p>MM Logistics on kuljetusv\u00e4litt\u00e4j\u00e4 joka sijaitsee L\u00e4nsi-Ruotsissa, Bor\u00e5sin alueella. Hoidamme Ruotsin- ja Suomenv\u00e4lisi\u00e4 kuljetuksia.<br \/>\nMeilt\u00e4 saatte l\u00e4mpim\u00e4n vastaanoton, vikkel\u00e4t vastaukset ja luotettavat kuljetusratkaisut![\/vc_column_text][vc_btn title=&#8221;Ota yhteytt\u00e4&#8221; style=&#8221;custom&#8221; custom_text=&#8221;#666666&#8243; link=&#8221;url:%2Ffi%2Fota-yhteytta%2F|title:Ota%20yhteytt%C3%A4&#8243;][\/vc_column][vc_column width=&#8221;3\/5&#8243;][vc_single_image image=&#8221;135&#8243; img_size=&#8221;full&#8221; alignment=&#8221;center&#8221;][\/vc_column][\/vc_row][\/vc_section][vc_section full_width=&#8221;stretch_row&#8221;][vc_row][vc_column width=&#8221;1\/3&#8243;][vc_single_image image=&#8221;130&#8243; img_size=&#8221;full&#8221;][vc_column_text]<\/p>\n<h3>Hoidamme Ruotsin- ja Suomenv\u00e4lisi\u00e4 kuljetuksia<\/h3>\n<p>Meilt\u00e4 saatte l\u00e4mpim\u00e4n vastaanoton, vikkel\u00e4t vastaukset ja luotettavat kuljetusratkaisut!<br \/>\n[\/vc_column_text][vc_btn title=&#8221;Yritys&#8221; style=&#8221;custom&#8221; custom_text=&#8221;#666666&#8243; link=&#8221;url:%2Ffi%2Fyritys%2F|title:Yritys&#8221;][\/vc_column][vc_column width=&#8221;1\/3&#8243;][vc_single_image image=&#8221;132&#8243; img_size=&#8221;full&#8221;][vc_column_text]<\/p>\n<h3>Kuljetusratkaisuja Ruotsin ja Suomen v\u00e4lill\u00e4<\/h3>\n<p>Lue meid\u00e4n palveluista t\u00e4st\u00e4[\/vc_column_text][vc_btn title=&#8221;Palvelut&#8221; style=&#8221;custom&#8221; custom_text=&#8221;#666666&#8243; link=&#8221;url:%2Ffi%2Fpalvelut%2F|title:Palvelut&#8221;][\/vc_column][vc_column width=&#8221;1\/3&#8243;][vc_gmaps link=&#8221;#E-8_JTNDaWZyYW1lJTIwc3JjJTNEJTIyaHR0cHMlM0ElMkYlMkZ3d3cuZ29vZ2xlLmNvbSUyRm1hcHMlMkZlbWJlZCUzRnBiJTNEJTIxMW0xOCUyMTFtMTIlMjExbTMlMjExZDE0NjEwLjQ1NjM1OTQxNzA0MyUyMTJkMTMuMDAyNzA2NDI0MjA0OTA2JTIxM2Q1Ny43MjU5NjE5Njg2MDQwOSUyMTJtMyUyMTFmMCUyMTJmMCUyMTNmMCUyMTNtMiUyMTFpMTAyNCUyMTJpNzY4JTIxNGYxMy4xJTIxM20zJTIxMW0yJTIxMXMweDQ2NWFhMDYxMDE4YjM4ZWIlMjUzQTB4NjgwNWRhYTY4MTRiMjU0YSUyMTJzViUyNUMzJTI1QTR2bGFnYXJnYXRhbiUyNTIwMTVBJTI1MkMlMjUyMDUwNyUyNTIwMzAlMjUyMEJyJTI1QzMlMjVBNG1odWx0JTI1MkMlMjUyMFN2ZXJpZ2UlMjE1ZTAlMjEzbTIlMjExc3N2JTIxMnN1cyUyMTR2MTY5NzAxMDI1MDA1NyUyMTVtMiUyMTFzc3YlMjEyc3VzJTIyJTIwd2lkdGglM0QlMjI2MDAlMjIlMjBoZWlnaHQlM0QlMjIyNzclMjIlMjBzdHlsZSUzRCUyMmJvcmRlciUzQTAlM0IlMjIlMjBhbGxvd2Z1bGxzY3JlZW4lM0QlMjIlMjIlMjBsb2FkaW5nJTNEJTIybGF6eSUyMiUyMHJlZmVycmVycG9saWN5JTNEJTIybm8tcmVmZXJyZXItd2hlbi1kb3duZ3JhZGUlMjIlM0UlM0MlMkZpZnJhbWUlM0U=&#8221;][vc_empty_space height=&#8221;35px&#8221;][vc_column_text]<\/p>\n<h3>Laatu-logistiikkaa<\/h3>\n<p>Olette tervetulleita ottaa yhteytt\u00e4 ja keskustella teid\u00e4n kuljetustarpeita!<br \/>\n[\/vc_column_text][vc_btn title=&#8221;Ota yhteytt\u00e4&#8221; style=&#8221;custom&#8221; custom_text=&#8221;#666666&#8243; link=&#8221;url:%2Ffi%2Fota-yhteytta%2F|title:Ota%20yhteytt%C3%A4&#8243;][\/vc_column][\/vc_row][\/vc_section]<\/p>\n<\/div>","protected":false},"excerpt":{"rendered":"<p>[vc_section el_id=&#8221;start&#8221;][vc_row content_placement=&#8221;middle&#8221; el_class=&#8221;reverse&#8221;][vc_column width=&#8221;2\/5&#8243; el_id=&#8221;start-text&#8221;][vc_column_text] MM Logistics Koolla ei ole v\u00e4li\u00e4 \u2013 meille kaikki asiakkaat ovat yht\u00e4 t\u00e4rke\u00e4t! MM Logistics on kuljetusv\u00e4litt\u00e4j\u00e4 joka sijaitsee L\u00e4nsi-Ruotsissa, Bor\u00e5sin alueella. Hoidamme Ruotsin- ja Suomenv\u00e4lisi\u00e4 kuljetuksia. Meilt\u00e4 saatte l\u00e4mpim\u00e4n vastaanoton, vikkel\u00e4t vastaukset ja luotettavat kuljetusratkaisut![\/vc_column_text][vc_btn title=&#8221;Ota yhteytt\u00e4&#8221; style=&#8221;custom&#8221; custom_text=&#8221;#666666&#8243; link=&#8221;url:%2Ffi%2Fota-yhteytta%2F|title:Ota%20yhteytt%C3%A4&#8243;][\/vc_column][vc_column width=&#8221;3\/5&#8243;][vc_single_image image=&#8221;135&#8243; img_size=&#8221;full&#8221; alignment=&#8221;center&#8221;][\/vc_column][\/vc_row][\/vc_section][vc_section full_width=&#8221;stretch_row&#8221;][vc_row][vc_column width=&#8221;1\/3&#8243;][vc_single_image image=&#8221;130&#8243; img_size=&#8221;full&#8221;][vc_column_text] [&hellip;]<\/p>\n","protected":false},"author":2657,"featured_media":0,"parent":0,"menu_order":1,"comment_status":"closed","ping_status":"closed","template":"","meta":{"footnotes":""},"class_list":["post-229","page","type-page","status-publish","hentry"],"_links":{"self":[{"href":"https:\/\/mm-logistics.se\/fi\/wp-json\/wp\/v2\/pages\/229","targetHints":{"allow":["GET"]}}],"collection":[{"href":"https:\/\/mm-logistics.se\/fi\/wp-json\/wp\/v2\/pages"}],"about":[{"href":"https:\/\/mm-logistics.se\/fi\/wp-json\/wp\/v2\/types\/page"}],"author":[{"embeddable":true,"href":"https:\/\/mm-logistics.se\/fi\/wp-json\/wp\/v2\/users\/2657"}],"replies":[{"embeddable":true,"href":"https:\/\/mm-logistics.se\/fi\/wp-json\/wp\/v2\/comments?post=229"}],"version-history":[{"count":5,"href":"https:\/\/mm-logistics.se\/fi\/wp-json\/wp\/v2\/pages\/229\/revisions"}],"predecessor-version":[{"id":287,"href":"https:\/\/mm-logistics.se\/fi\/wp-json\/wp\/v2\/pages\/229\/revisions\/287"}],"wp:attachment":[{"href":"https:\/\/mm-logistics.se\/fi\/wp-json\/wp\/v2\/media?parent=229"}],"curies":[{"name":"wp","href":"https:\/\/api.w.org\/{rel}","templated":true}]}}