{"id":233,"date":"2023-07-17T14:45:29","date_gmt":"2023-07-17T12:45:29","guid":{"rendered":"https:\/\/mmlogistics.cmsp.se\/om-oss\/"},"modified":"2023-10-16T17:10:51","modified_gmt":"2023-10-16T15:10:51","slug":"yritys","status":"publish","type":"page","link":"https:\/\/mm-logistics.se\/fi\/yritys\/","title":{"rendered":"Yritys"},"content":{"rendered":"<div class=\"wpb-content-wrapper\"><p>[vc_section][vc_row][vc_column][vc_empty_space height=&#8221;150px&#8221; el_class=&#8221;empty-75&#8243;][vc_column_text]<\/p>\n<h1>Yritys<\/h1>\n<p>[\/vc_column_text][\/vc_column][\/vc_row][vc_row][vc_column width=&#8221;1\/2&#8243;][vc_column_text]<\/p>\n<h2>MM Logistics on pienempi, itsen\u00e4inen kuljetushuolitsija<\/h2>\n<p>Meill\u00e4 on monivuotinen kokemus Suomen ja Ruotsin-v\u00e4lisist\u00e4 kuljetuksista. Meid\u00e4n kuljettajat puhuvat Ruotsia ja Suomea ja meid\u00e4n ajoneuvoissa ovat sivusta aukeavat kaapit (ja niihin voi lastata 20,4 lvm).<\/p>\n<p>Konttorimme on Viaredin teollisuusalueella, Bor\u00e5sin ulkopuolella, l\u00e4hell\u00e4 R40. T\u00e4\u00e4ll\u00e4 voimme tarjota terminaalipalveluita ja voimme my\u00f6s v\u00e4litt\u00e4\u00e4 jakelua Etel\u00e4- ja L\u00e4nsiruotsin alueella.<\/p>\n<p>Meille koolla ei ole v\u00e4li\u00e4 \u2013 kaikki asiakkaat ovat yht\u00e4 t\u00e4rkeit\u00e4![\/vc_column_text][\/vc_column][vc_column width=&#8221;1\/2&#8243;][vc_row_inner][vc_column_inner width=&#8221;1\/6&#8243;][\/vc_column_inner][vc_column_inner width=&#8221;5\/6&#8243;][vc_single_image image=&#8221;132&#8243; img_size=&#8221;full&#8221;][\/vc_column_inner][\/vc_row_inner][\/vc_column][\/vc_row][vc_row][vc_column][vc_empty_space height=&#8221;75px&#8221; el_class=&#8221;empty-75&#8243;][\/vc_column][\/vc_row][\/vc_section]<\/p>\n<\/div>","protected":false},"excerpt":{"rendered":"<p>[vc_section][vc_row][vc_column][vc_empty_space height=&#8221;150px&#8221; el_class=&#8221;empty-75&#8243;][vc_column_text] Yritys [\/vc_column_text][\/vc_column][\/vc_row][vc_row][vc_column width=&#8221;1\/2&#8243;][vc_column_text] MM Logistics on pienempi, itsen\u00e4inen kuljetushuolitsija Meill\u00e4 on monivuotinen kokemus Suomen ja Ruotsin-v\u00e4lisist\u00e4 kuljetuksista. Meid\u00e4n kuljettajat puhuvat Ruotsia ja Suomea ja meid\u00e4n ajoneuvoissa ovat sivusta aukeavat kaapit (ja niihin voi lastata 20,4 lvm). Konttorimme on Viaredin teollisuusalueella, Bor\u00e5sin ulkopuolella, l\u00e4hell\u00e4 R40. T\u00e4\u00e4ll\u00e4 voimme tarjota terminaalipalveluita ja voimme my\u00f6s v\u00e4litt\u00e4\u00e4 [&hellip;]<\/p>\n","protected":false},"author":4,"featured_media":0,"parent":0,"menu_order":2,"comment_status":"closed","ping_status":"closed","template":"","meta":{"footnotes":""},"class_list":["post-233","page","type-page","status-publish","hentry"],"_links":{"self":[{"href":"https:\/\/mm-logistics.se\/fi\/wp-json\/wp\/v2\/pages\/233","targetHints":{"allow":["GET"]}}],"collection":[{"href":"https:\/\/mm-logistics.se\/fi\/wp-json\/wp\/v2\/pages"}],"about":[{"href":"https:\/\/mm-logistics.se\/fi\/wp-json\/wp\/v2\/types\/page"}],"author":[{"embeddable":true,"href":"https:\/\/mm-logistics.se\/fi\/wp-json\/wp\/v2\/users\/4"}],"replies":[{"embeddable":true,"href":"https:\/\/mm-logistics.se\/fi\/wp-json\/wp\/v2\/comments?post=233"}],"version-history":[{"count":2,"href":"https:\/\/mm-logistics.se\/fi\/wp-json\/wp\/v2\/pages\/233\/revisions"}],"predecessor-version":[{"id":283,"href":"https:\/\/mm-logistics.se\/fi\/wp-json\/wp\/v2\/pages\/233\/revisions\/283"}],"wp:attachment":[{"href":"https:\/\/mm-logistics.se\/fi\/wp-json\/wp\/v2\/media?parent=233"}],"curies":[{"name":"wp","href":"https:\/\/api.w.org\/{rel}","templated":true}]}}