{"id":237,"date":"2023-07-17T14:45:39","date_gmt":"2023-07-17T12:45:39","guid":{"rendered":"https:\/\/mmlogistics.cmsp.se\/tjanster\/"},"modified":"2023-10-16T17:06:47","modified_gmt":"2023-10-16T15:06:47","slug":"palvelut","status":"publish","type":"page","link":"https:\/\/mm-logistics.se\/fi\/palvelut\/","title":{"rendered":"Palvelut"},"content":{"rendered":"<div class=\"wpb-content-wrapper\"><p>[vc_section][vc_row][vc_column][vc_empty_space height=&#8221;150px&#8221; el_class=&#8221;empty-75&#8243;][vc_column_text]<\/p>\n<h1>Palvelut<\/h1>\n<p>[\/vc_column_text][\/vc_column][\/vc_row][vc_row][vc_column width=&#8221;1\/2&#8243;][vc_column_text]<\/p>\n<h2>MM Logistics suorittaa ja v\u00e4litt\u00e4\u00e4 kuljetuksia Ruotsin ja Suomen v\u00e4lill\u00e4<\/h2>\n<p>Toimitusaika t\u00e4ys- ja osakuormista on 1-2 p\u00e4iv\u00e4\u00e4, kappaletavaran toimitusaika on 2-3 p\u00e4iv\u00e4\u00e4.<\/p>\n<p>Meill\u00e4 on sivusta aukeavat kaapit meid\u00e4n kuorma-autoissa. N\u00e4ihin voimme lastata 20,4 lavametri\u00e4 tavaraa. Terminaalik\u00e4sittely on mahdollinen Viaredin terminaalilla, Bor\u00e5sin ulkopuolella.<\/p>\n<p>Suomen-liikenteen lis\u00e4ksi voimme auttaa teit\u00e4 kuljetuksien kanssa sis\u00e4maassa ja my\u00f6s Euroopassa. Meill\u00e4 on hyvi\u00e4 ja luotettavia yhteisty\u00f6kumppaneita sek\u00e4 Ruotsissa ja ulkomailla.<\/p>\n<p>Jos on kysymyksi\u00e4, \u00e4l\u00e4 ep\u00e4r\u00f6i, ota yhteytt\u00e4![\/vc_column_text][\/vc_column][vc_column width=&#8221;1\/2&#8243;][vc_row_inner][vc_column_inner width=&#8221;1\/6&#8243;][\/vc_column_inner][vc_column_inner width=&#8221;5\/6&#8243;][vc_single_image image=&#8221;130&#8243; img_size=&#8221;full&#8221;][\/vc_column_inner][\/vc_row_inner][\/vc_column][\/vc_row][vc_row][vc_column][vc_empty_space height=&#8221;75px&#8221; el_class=&#8221;empty-75&#8243;][\/vc_column][\/vc_row][\/vc_section]<\/p>\n<\/div>","protected":false},"excerpt":{"rendered":"<p>[vc_section][vc_row][vc_column][vc_empty_space height=&#8221;150px&#8221; el_class=&#8221;empty-75&#8243;][vc_column_text] Palvelut [\/vc_column_text][\/vc_column][\/vc_row][vc_row][vc_column width=&#8221;1\/2&#8243;][vc_column_text] MM Logistics suorittaa ja v\u00e4litt\u00e4\u00e4 kuljetuksia Ruotsin ja Suomen v\u00e4lill\u00e4 Toimitusaika t\u00e4ys- ja osakuormista on 1-2 p\u00e4iv\u00e4\u00e4, kappaletavaran toimitusaika on 2-3 p\u00e4iv\u00e4\u00e4. Meill\u00e4 on sivusta aukeavat kaapit meid\u00e4n kuorma-autoissa. N\u00e4ihin voimme lastata 20,4 lavametri\u00e4 tavaraa. Terminaalik\u00e4sittely on mahdollinen Viaredin terminaalilla, Bor\u00e5sin ulkopuolella. Suomen-liikenteen lis\u00e4ksi voimme auttaa teit\u00e4 kuljetuksien kanssa [&hellip;]<\/p>\n","protected":false},"author":4,"featured_media":0,"parent":0,"menu_order":3,"comment_status":"closed","ping_status":"closed","template":"","meta":{"footnotes":""},"class_list":["post-237","page","type-page","status-publish","hentry"],"_links":{"self":[{"href":"https:\/\/mm-logistics.se\/fi\/wp-json\/wp\/v2\/pages\/237","targetHints":{"allow":["GET"]}}],"collection":[{"href":"https:\/\/mm-logistics.se\/fi\/wp-json\/wp\/v2\/pages"}],"about":[{"href":"https:\/\/mm-logistics.se\/fi\/wp-json\/wp\/v2\/types\/page"}],"author":[{"embeddable":true,"href":"https:\/\/mm-logistics.se\/fi\/wp-json\/wp\/v2\/users\/4"}],"replies":[{"embeddable":true,"href":"https:\/\/mm-logistics.se\/fi\/wp-json\/wp\/v2\/comments?post=237"}],"version-history":[{"count":2,"href":"https:\/\/mm-logistics.se\/fi\/wp-json\/wp\/v2\/pages\/237\/revisions"}],"predecessor-version":[{"id":280,"href":"https:\/\/mm-logistics.se\/fi\/wp-json\/wp\/v2\/pages\/237\/revisions\/280"}],"wp:attachment":[{"href":"https:\/\/mm-logistics.se\/fi\/wp-json\/wp\/v2\/media?parent=237"}],"curies":[{"name":"wp","href":"https:\/\/api.w.org\/{rel}","templated":true}]}}